{"id":9624,"date":"2022-04-01T08:05:40","date_gmt":"2022-04-01T08:05:40","guid":{"rendered":"https:\/\/bauleitung.one24.ch\/?page_id=9624"},"modified":"2022-04-10T11:48:35","modified_gmt":"2022-04-10T11:48:35","slug":"agb","status":"publish","type":"page","link":"https:\/\/a2bauex.ch\/?page_id=9624","title":{"rendered":"AGB"},"content":{"rendered":"\t\t<div data-elementor-type=\"wp-page\" data-elementor-id=\"9624\" class=\"elementor elementor-9624\">\n\t\t\t\t\t\t<section class=\"elementor-section elementor-top-section elementor-element elementor-element-0b6bd16 elementor-section-boxed elementor-section-height-default elementor-section-height-default mkdf-parallax-row-no mkdf-content-aligment-left mkdf-elementor-row-grid-no mkdf-disabled-bg-image-bellow-no mkdf-row-btt-light\" data-id=\"0b6bd16\" data-element_type=\"section\">\n\t\t\t\t\t\t<div class=\"elementor-container elementor-column-gap-default\">\n\t\t\t\t\t<div class=\"elementor-column elementor-col-100 elementor-top-column elementor-element elementor-element-a46ebf2\" data-id=\"a46ebf2\" data-element_type=\"column\">\n\t\t\t<div class=\"elementor-widget-wrap elementor-element-populated\">\n\t\t\t\t\t\t<div class=\"elementor-element elementor-element-11fa6c9 elementor-widget elementor-widget-text-editor\" data-id=\"11fa6c9\" data-element_type=\"widget\" data-widget_type=\"text-editor.default\">\n\t\t\t\t<div class=\"elementor-widget-container\">\n\t\t\t\t\t\t\t\t\t<h2><strong>Allgemeines<\/strong><\/h2>\n<p>Die vorliegenden Allgemeinen Gesch\u00e4ftsbedingungen (nachstehend \u201cAGB\u201d genannt) gelten f\u00fcr alle Gesch\u00e4ftsbeziehungen mit der Firma One24 GmbH und bilden einen integrierenden Bestandteil des zwischen den Parteien vereinbarten Vertrages. Von diesen AGB abweichende Vereinbarungen bed\u00fcrfen der Schriftform. Es sind die AGB in der jeweils g\u00fcltigen Fassung anwendbar.<br>\nEin Vertragsschluss bedingt Schriftlichkeit, wobei Telefon E-Mail oder Telefax als ausreichend gelten. Offerten und Kostenvoranschl\u00e4ge gelten nur f\u00fcr das besprochene Projekt. Pl\u00e4ne d\u00fcrfen nur f\u00fcr das besprochene Projekt verwendet werden. Kostensch\u00e4tzungen und Kostenvoranschl\u00e4ge weisen stets eine gewisse Preisungenauigkeit auf. One24 GmbH&nbsp;ist f\u00fcr 30 Tage an ihre Offerten gebunden.<\/p>\n<h2><strong>Ausf\u00fchrungen<\/strong><\/h2>\n<p>Die One24 GmbH erbringt die bestellten Leistungen mit der geb\u00fchrenden Sorgfalt. One24 GmbH ist zum Zuzug von Hilfskr\u00e4ften, planenden oder ausf\u00fchrenden Spezialisten, Subunternehmern wie auch Zulieferern ohne Einschr\u00e4nkung berechtigt.<br>\nOne24 GmbH bleibt Ansprechpartner und ist f\u00fcr die bestellte Leistung verantwortlich.<\/p>\n<h2><strong>Preise<\/strong><\/h2>\n<p>Die Preise k\u00f6nnen als Netto- oder als Bruttopreis mit Rabatten angegeben werden. Die gesetzliche Mehrwertsteuer wird separat ausgewiesen. Preisanpassungen in Offerten vor Vertragsabschluss m\u00fcssen wir uns vorbehalten.<\/p>\n<h3><strong>Unverschuldete Arbeitsverz\u00f6gerung \/ Regiearbeiten<\/strong><\/h3>\n<p>Zum Projektbeginn m\u00fcssen alle Vorarbeiten von Dritten oder vom Auftraggeber abgeschlossen sein. Wenn die Arbeiten durch Verz\u00f6gerungen Dritter oder auch durch den Auftraggeber selbst nicht ausgef\u00fchrt werden k\u00f6nnen, erlauben wir uns, die angefallenen Kosten wie Fahrweg und Stundenans\u00e4tze folgendermassen zu verrechnen. Ebenso alle Arbeiten die nach Aufwand abgerechnet werden.<br>\nDie Geltendmachung weiteren Schadens m\u00fcssen wir uns vorbehalten. Regietarife und Zuschl\u00e4ge gem\u00e4ss GAV<\/p>\n<h3><strong>Regieans\u00e4tze Gipser<\/strong><\/h3>\n<table cellspacing=\"0\" cellpadding=\"0\" align=\"left\">\n<tbody>\n<tr>\n<td>Meister<\/td>\n<td>CHF<\/td>\n<td>128.85<\/td>\n<\/tr>\n<tr>\n<td>Polier<\/td>\n<td>CHF<\/td>\n<td>115.70<\/td>\n<\/tr>\n<tr>\n<td>Vorarbeiter\/Stuckateur mit Werkzeug<\/td>\n<td>CHF<\/td>\n<td>108.40<\/td>\n<\/tr>\n<tr>\n<td>Kundengipser mit Werkzeug<\/td>\n<td>CHF<\/td>\n<td>100.30<\/td>\n<\/tr>\n<tr>\n<td>Gipser mit Werkzeug<\/td>\n<td>CHF<\/td>\n<td>93.00<\/td>\n<\/tr>\n<tr>\n<td>Trockenbauer mit Werkzeug<\/td>\n<td>CHF<\/td>\n<td>93.00<\/td>\n<\/tr>\n<tr>\n<td>Verputzer mit Werkzeug<\/td>\n<td>CHF<\/td>\n<td>89.30<\/td>\n<\/tr>\n<tr>\n<td>Hilfsarbeiter<\/td>\n<td>CHF<\/td>\n<td>76.90<\/td>\n<\/tr>\n<tr>\n<td>Chauffeur<\/td>\n<td>CHF<\/td>\n<td>91.45<\/td>\n<\/tr>\n<tr>\n<td>Magaziner<\/td>\n<td>CHF<\/td>\n<td>91.45<\/td>\n<\/tr>\n<\/tbody>\n<\/table>\n<h3><strong>Regieans\u00e4tze Maler<\/strong><\/h3>\n<h3><strong>Regieans\u00e4tze Spengler \/ Dachdecker&nbsp;<\/strong><\/h3>\n<table border=\"0\" cellspacing=\"0\" cellpadding=\"0\" align=\"left\">\n<tbody>\n<tr>\n<td>Malermeister<\/td>\n<td>CHF<\/td>\n<td>125.10<\/td>\n<\/tr>\n<tr>\n<td>Vorarbeiter<\/td>\n<td>CHF<\/td>\n<td>109.45<\/td>\n<\/tr>\n<tr>\n<td>Service Maler<\/td>\n<td>CHF<\/td>\n<td>101.65<\/td>\n<\/tr>\n<tr>\n<td>Maler<\/td>\n<td>CHF<\/td>\n<td>93.80<\/td>\n<\/tr>\n<tr>\n<td>Hilfsarbeiter<\/td>\n<td>CHF<\/td>\n<td>76.90<\/td>\n<\/tr>\n<\/tbody>\n<\/table>\n<h3><strong>Regieans\u00e4tze Spengler \/ Dachdecker&nbsp;<\/strong><\/h3>\n<table border=\"0\" cellspacing=\"0\" cellpadding=\"0\" align=\"left\">\n<tbody>\n<tr>\n<td>Werkstattchef, Projektleiter, Baustellenleiter<\/td>\n<td>CHF<\/td>\n<td>149.80<\/td>\n<\/tr>\n<tr>\n<td>Leitender Spengler<\/td>\n<td>CHF<\/td>\n<td>132.00<\/td>\n<\/tr>\n<tr>\n<td>Servicemonteur ohne Fahrzeug<\/td>\n<td>CHF<\/td>\n<td>123.60<\/td>\n<\/tr>\n<tr>\n<td>A-Spengler \/ Dachdecker ohne Fahrzeug<\/td>\n<td>CHF<\/td>\n<td>116.00<\/td>\n<\/tr>\n<tr>\n<td>B-Spengler \/ Dachdecker ohne Fahrzeug<\/td>\n<td>CHF<\/td>\n<td>99.20<\/td>\n<\/tr>\n<tr>\n<td>A-Spengler \/ Dachdecker mit Fahrzeug<\/td>\n<td>CHF<\/td>\n<td>132.00<\/td>\n<\/tr>\n<tr>\n<td>B-Spengler \/ Dachdecker mit Fahrzeug<\/td>\n<td>CHF<\/td>\n<td>115.20<\/td>\n<\/tr>\n<tr>\n<td>Hilfsspengler \/ Dachdecker ohne Fahrzeug<\/td>\n<td>CHF<\/td>\n<td>91.60<\/td>\n<\/tr>\n<tr>\n<td>Hilfsspengler \/ Dachdecker mit Fahrzeug<\/td>\n<td>CHF<\/td>\n<td>107.00<\/td>\n<\/tr>\n<tr>\n<td>Servicefahrzeug<\/td>\n<td>CHF<\/td>\n<td>16.00<\/td>\n<\/tr>\n<\/tbody>\n<\/table>\n<h3><strong>Autotransporte f\u00fcr Material\/Werkzeug etc.<\/strong><\/h3>\n<table border=\"0\" cellspacing=\"0\" cellpadding=\"0\" align=\"left\">\n<tbody>\n<tr>\n<td>Transportpauschale Lieferwagen ohne Chauffeur<\/td>\n<td>CHF<\/td>\n<td>&nbsp;60.00<\/td>\n<\/tr>\n<tr>\n<td>Chauffeur<\/td>\n<td>CHF<\/td>\n<td>88.00<\/td>\n<\/tr>\n<tr>\n<td>Kilometerentsch\u00e4digung ohne Chauffeur<\/td>\n<td>CHF<\/td>\n<td>2.50<\/td>\n<\/tr>\n<\/tbody>\n<\/table>\n<h3><strong>\u00dcberstundenzuschl\u00e4ge<\/strong><\/h3>\n<table border=\"0\" cellspacing=\"0\" cellpadding=\"0\" align=\"left\">\n<tbody>\n<tr>\n<td>20.00 Uhr-23.00 Uhr<\/td>\n<td>25 % \/ Std<\/td>\n<\/tr>\n<tr>\n<td>23.00 Uhr-06.00 Uhr<\/td>\n<td>50&nbsp;% \/ Std<\/td>\n<\/tr>\n<tr>\n<td>Sonn-und Feiertage<\/td>\n<td>100&nbsp;% \/ Std<\/td>\n<\/tr>\n<\/tbody>\n<\/table>\n<h2><strong>Versteckte M\u00e4ngel<\/strong><\/h2>\n<p>Die Angebote erfolgen nach dem sichtbaren Stand der Liegenschaftsbesichtigung durch die One24 GmbH. Alle versteckten Sch\u00e4den an Unterkonstruktionen oder Teilen sind nicht im Angebot erhalten. Versteckte M\u00e4ngel werden durch die One24 GmbH nach den Regeln der Baukunst und vorher schriftlich erteilten Zusatzauftrag durch den Eigent\u00fcmer behoben und als zus\u00e4tzlichen Aufwand verrechnet. Zusatzauftr\u00e4ge k\u00f6nnen durch die One24 GmbH auch an Unterakkordanten vergeben werden. Willigt ein Eigent\u00fcmer der allf\u00e4lligen M\u00e4ngel oder Anpassungen an die gesetzlichen Vorschriften nicht ein, diese zu korrigieren, \u00fcbernimmt die One24 GmbH keine Garantie und haftet f\u00fcr keine Sch\u00e4den aus allf\u00e4lligen M\u00e4ngeln.<br>\nAusschliesslicher Vertragsbestandteil der One24 GmbH sind;<\/p>\n<p>SN Schweizer Norm 507 721 SIA NBV 721:2001 und folgend SIA 118Die Lage von Leitungen, Kabeln, Versteifungen und anderem im Boden\/Mauerwerk etc. ist vom Auftraggeber oder dessen Vertreter zu ermitteln und dem Unternehmer vor arbeitsbeging mitzuteilen. Bohrpunkte und Schnittlinien sind Bauseits anzuzeichnen, oder in Absprache in vermassten Pl\u00e4nen durch die Bauleitung festzulegen.Haftbarkeit f\u00fcr allf\u00e4llige Folgesch\u00e4den.Ohne genaue Pl\u00e4ne und oder Angaben vom Eigent\u00fcmer oder dessen Vertreter ist es f\u00fcr den Unternehmer oder dessen Angestellte nicht m\u00f6glich zu wissen was es f\u00fcr Leitungen, Bewehrungen oder anderem, in dem zu bohrenden Material befindet. Deshalb wird ausschliesslich vom Betrieb keine Haftung f\u00fcr Folgesch\u00e4den \u00fcbernommen. Das entspricht den SIA NBV 721 Normenspezifische Vertragsbedingungen f\u00fcr Bohren und Trennen von Beton und Mauerwerk herausgegeben vom Schweizerischen Ingenieur- und Architektenverein SIA Postfach, CH-8039 Z\u00fcrich. Der Geb\u00e4udeeigent\u00fcmer ist haftbar und hat somit f\u00fcr allf\u00e4llige Folgesch\u00e4den ausschliesslich selbst aufzukommen.<\/p>\n<h2><strong>Lieferungverpflichtungen<\/strong><\/h2>\n<p>Die Lieferfristen und Liefertermine k\u00f6nnen m\u00fcndlich und schriftlich vereinbart werden, werden aber in jedem Fall erst g\u00fcltig durch die schriftliche Best\u00e4tigung. Die offerierten und akzeptierten Liefertermine werden von uns eingehalten, sofern nicht h\u00f6here Gewalt oder von uns nicht zu vertretende Umst\u00e4nde uns davon abhalten. Wir setzten unsere Kunde dar\u00fcber umgehend in Kenntnis.<\/p>\n<h2><strong>Schadenersatzanspruch<\/strong><\/h2>\n<p>Bei Lieferverz\u00f6gerung ohne grobes Verschulden und ohne Absicht der One24 GmbH wird jeder Schadenersatzanspruch und jede weitergehende Haftung f\u00fcr Sach- und Personensch\u00e4den wegbedungen. Wegbedungen wird diese auch f\u00fcr Hilfspersonen.<\/p>\n<h2><strong>Zahlungsbedingungen<\/strong><\/h2>\n<p>Rechnungen sind innert der auf der Rechnung vermerkten Zahlungsfrist zu bezahlen. Jede zu erstellende Mahnung wird mit CHF 30.00 Mahnspesen verrechnet. Die Verrechnung f\u00e4lliger Forderungen mit f\u00e4lligen Gegenforderungen ist ausgeschlossen. M\u00e4ngel berechtigen den Besteller nicht zu Zahlungsr\u00fcckbehalten. Wird in Absprache mit One24 GmbH ein solcher vereinbart, darf dieser maximal dem Wert des Schadens entsprechen. Sind die Arbeiten noch nicht abgeschlossen, so gilt der Artikel SIA-Norm 118: R\u00fcckbehalt von 10% (bzw. 5%) als Sicherheit.<br>\nBei Rechnungsbetr\u00e4gen ab CHF 5\u2019000.- k\u00f6nnen Anzahlungen von 30% nach Vertragsabschluss f\u00e4llig werden. Sollte der Auftraggeber in Zahlungsverzug kommen oder uns Umst\u00e4nde bekannt werden, dass die Kreditw\u00fcrdigkeit des Auftraggebers in Frage stellt, werden wir s\u00e4mtliche noch offenen Rechnungen sofort stellen und diese werden sofort zur Zahlung f\u00e4llig. Des Weiteren kann die One24 GmbH teilweise oder ganz von noch laufenden Vertr\u00e4gen zur\u00fcckzutreten ohne Nachteil.<\/p>\n<h2><strong>M\u00e4ngel \/ Garantie<\/strong><\/h2>\n<p>Die Anzeige von M\u00e4ngeln hat sofort oder sp\u00e4testens aber 7 Tage nach Empfang oder nach Entdeckung des Mangels zu erfolgen.<br>\nDie Garantiefrist erlischt in jedem Fall nach 24 Monate nach Empfang der Ware. Die M\u00e4ngelanzeige muss schriftlich, d.h. durch eingeschriebenen Brief erfolgen. Der Auftraggeber hat uns bei Geltendmachung von Gew\u00e4hrleistungsanspr\u00fcchen die Nachbesserungen und \/oder Ersatzlieferungen zu erm\u00f6glichen. F\u00fcr Sch\u00e4den, welcher nicht an dem von uns gelieferten Gegenstand selbst besteht, haften wir nur bei Vorsatz und Grobfahrl\u00e4ssigkeit. Die Haftung wird wegbedungen, soweit dieses gesetzlich zul\u00e4ssig ist.<br>\nInsbesondere wird die Haftung f\u00fcr leichte Fahrl\u00e4ssigkeit bei Sach- und Personensch\u00e4den wegbedungen f\u00fcr uns und allf\u00e4llige Hilfspersonen. Auch \u00fcbernehmen wir keine Haftung f\u00fcr mittelbare Sch\u00e4den.<\/p>\n<h2><strong>Vorbehalt<\/strong><\/h2>\n<p>Bis alle Forderungen erf\u00fcllt sind, behalten wir uns das Eigentum an den gelieferten Waren vor.Bei Pf\u00e4ndungen oder Zugriff von Dritten auf die gelieferten Waren hat der Auftraggeber auf das Eigentum der One24 GmbH hinzuweisen und uns unverz\u00fcglich schriftlich zu benachrichtigen.<br>\nErf\u00fcllungsort und anwendbares Recht<br>\nGerichtsstand und Erf\u00fcllungsort ist der Hauptsitz der One24 GmbH. Es gilt das Schweizer Recht.<\/p>\n<h2><strong>Annullierungen<\/strong><\/h2>\n<p>F\u00fcr die Annullierung von Auftr\u00e4gen braucht es unser ausdr\u00fcckliches Einverst\u00e4ndnis sowie die \u00dcbernahme unserer Kosten f\u00fcr Material, L\u00f6hne und Unkosten. Die Beanstandung von Qualit\u00e4t und Abmessungen einer Lieferung berechtigen den Auftraggeber nicht zur Annullierung von Restlieferungen des Auftrages. Die One24 GmbH ist zum R\u00fccktritt von eingegangenen Lieferverpflichtungen berechtigt, wenn sich die finanzielle Situation des Bestellers wesentlich verschlechtert. Bei R\u00fccktritt durch die One24 GmbH werden bereits geleistete Arbeiten, sowie bestellte und bereits gelieferte Materialien dem Auftraggeber in Rechnung gestellt.<\/p>\n<h2><strong>Kundendaten<\/strong><\/h2>\n<p>Wir weisen darauf hin, dass wir die Daten unserer Kunden EDV-m\u00e4\u00dfig verarbeiten und in eine Datei \u00fcbernehmen. Wir halten uns an die Schweizer Datenschutzgesetzgebung.<\/p>\n<h2><strong>Inkasso<\/strong><\/h2>\n<p>Wir behalten uns vor, Daten von s\u00e4umigen Zahlern einer Inkasso Firma zur Verf\u00fcgung zu stellen.<\/p>\t\t\t\t\t\t\t\t<\/div>\n\t\t\t\t<\/div>\n\t\t\t\t<div class=\"elementor-element elementor-element-a059a63 elementor-widget elementor-widget-button\" data-id=\"a059a63\" data-element_type=\"widget\" data-widget_type=\"button.default\">\n\t\t\t\t<div class=\"elementor-widget-container\">\n\t\t\t\t\t\t\t\t\t<div class=\"elementor-button-wrapper\">\n\t\t\t\t\t<a class=\"elementor-button elementor-button-link elementor-size-lg\" href=\"https:\/\/a2bauex.ch\/wp-content\/uploads\/2022\/04\/agb_ONE24_GmbH_2022.pdf\" target=\"_blank\">\n\t\t\t\t\t\t<span class=\"elementor-button-content-wrapper\">\n\t\t\t\t\t\t<span class=\"elementor-button-icon\">\n\t\t\t\t<i aria-hidden=\"true\" class=\"fas fa-cloud-download-alt\"><\/i>\t\t\t<\/span>\n\t\t\t\t\t\t\t\t\t<span class=\"elementor-button-text\">AGB Herunterladen<\/span>\n\t\t\t\t\t<\/span>\n\t\t\t\t\t<\/a>\n\t\t\t\t<\/div>\n\t\t\t\t\t\t\t\t<\/div>\n\t\t\t\t<\/div>\n\t\t\t\t\t<\/div>\n\t\t<\/div>\n\t\t\t\t\t<\/div>\n\t\t<\/section>\n\t\t\t\t<\/div>\n\t\t","protected":false},"excerpt":{"rendered":"<p>Allgemeines Die vorliegenden Allgemeinen Gesch\u00e4ftsbedingungen (nachstehend \u201cAGB\u201d genannt) gelten f\u00fcr alle Gesch\u00e4ftsbeziehungen mit der Firma One24 GmbH und bilden einen integrierenden Bestandteil des zwischen den Parteien vereinbarten Vertrages. Von diesen AGB abweichende Vereinbarungen bed\u00fcrfen der Schriftform. Es sind die AGB [&hellip;]<\/p>\n","protected":false},"author":1,"featured_media":0,"parent":0,"menu_order":0,"comment_status":"closed","ping_status":"closed","template":"","meta":{"footnotes":""},"class_list":["post-9624","page","type-page","status-publish","hentry"],"_links":{"self":[{"href":"https:\/\/a2bauex.ch\/index.php?rest_route=\/wp\/v2\/pages\/9624","targetHints":{"allow":["GET"]}}],"collection":[{"href":"https:\/\/a2bauex.ch\/index.php?rest_route=\/wp\/v2\/pages"}],"about":[{"href":"https:\/\/a2bauex.ch\/index.php?rest_route=\/wp\/v2\/types\/page"}],"author":[{"embeddable":true,"href":"https:\/\/a2bauex.ch\/index.php?rest_route=\/wp\/v2\/users\/1"}],"replies":[{"embeddable":true,"href":"https:\/\/a2bauex.ch\/index.php?rest_route=%2Fwp%2Fv2%2Fcomments&post=9624"}],"version-history":[{"count":0,"href":"https:\/\/a2bauex.ch\/index.php?rest_route=\/wp\/v2\/pages\/9624\/revisions"}],"wp:attachment":[{"href":"https:\/\/a2bauex.ch\/index.php?rest_route=%2Fwp%2Fv2%2Fmedia&parent=9624"}],"curies":[{"name":"wp","href":"https:\/\/api.w.org\/{rel}","templated":true}]}}