{"id":9619,"date":"2022-04-01T08:04:13","date_gmt":"2022-04-01T08:04:13","guid":{"rendered":"https:\/\/bauleitung.one24.ch\/?page_id=9619"},"modified":"2022-04-12T16:37:35","modified_gmt":"2022-04-12T16:37:35","slug":"impressum","status":"publish","type":"page","link":"https:\/\/a2bauex.ch\/?page_id=9619","title":{"rendered":"Impressum"},"content":{"rendered":"<p><strong>Verantwortlich f\u00fcr Website und Inhalt<\/strong><\/p>\n<p>One24 GmbH<br \/>\nBahnhofstrasse 16<br \/>\n5034 Suhr<\/p>\n<p>+41 (0)62 842 24 64<\/p>\n<p>info@a2bauex.ch<\/p>\n<h2><strong>Haftung f\u00fcr Inhalte<\/strong><\/h2>\n<p>Die Inhalte unserer Seiten wurden mit gr\u00f6\u00dfter Sorgfalt erstellt. F\u00fcr die Richtigkeit, Vollst\u00e4ndigkeit und Aktualit\u00e4t der Inhalte k\u00f6nnen wir jedoch keine Gew\u00e4hr \u00fcbernehmen.&nbsp;Die Inhalte dieser Website stellen ein unverbindliches Informationsangebot dar. Obwohl die Informationen regelm\u00e4ssig auf Richtigkeit und Aktualit\u00e4t hin gepr\u00fcft werden, lehnen wir jede Haftung f\u00fcr unerw\u00fcnschte Folgen aus dem Gebrauch dieser Informationen ab. Unsere Website beinhaltet Hyperlinks zu Angeboten von Dritten. Sie benutzen diese Hyperlinks auf eigenes Risiko. F\u00fcr die Inhalte dieser Sites \u00fcbernehmen wir keine Verantwortung. Von unserer Haftung ausgeschlossen ist die Garantie f\u00fcr die st\u00e4ndige Verf\u00fcgbarkeit unseres Online-Angebotes sowie Sch\u00e4den, die aus der Benutzung unserer Website entstehen k\u00f6nnten.&nbsp;<\/p>\n<h2><strong>Haftungshinweis<\/strong><\/h2>\n<p>Unser Angebot enth\u00e4lt Links zu externen Webseiten Dritter, auf deren Inhalte wir keinen Einfluss haben. Deshalb k\u00f6nnen wir f\u00fcr diese fremden Inhalte auch keine Gew\u00e4hr \u00fcbernehmen. F\u00fcr die Inhalte der verlinkten Seiten ist stets der jeweilige Anbieter oder Betreiber der Seiten verantwortlich. Die verlinkten Seiten wurden zum Zeitpunkt der Verlinkung auf m\u00f6gliche Rechtsverst\u00f6\u00dfe \u00fcberpr\u00fcft. Rechtswidrige Inhalte waren zum Zeitpunkt der Verlinkung nicht erkennbar. Eine permanente inhaltliche Kontrolle der verlinkten Seiten ist jedoch ohne konkrete Anhaltspunkte einer Rechtsverletzung nicht zumutbar. Bei bekannt werden von Rechtsverletzungen werden wir derartige Links umgehend entfernen.&nbsp;<\/p>\n<h2><b>Datenschutz<\/b><\/h2>\n<p>Pers\u00f6nliche Daten, welche f\u00fcr die Nutzung einzelner Teile dieser Site erhoben werden, werden nicht an Dritte weitergegeben.&nbsp;<\/p>\n<h2><b>Datensicherheit<\/b><\/h2>\n<p>Da sowohl der Zugang zu dieser Website als auch die \u00dcbertragung von E-Mails zu uns unverschl\u00fcsselt statt findet, kann nicht ausgeschlossen werden, dass Daten unvollst\u00e4ndig \u00fcbertragen oder von Dritten eingesehen werden k\u00f6nnten. Aus diesem Grund bitten wir Sie, uns keine vertraulichen Daten per E-Mail zu \u00fcbermitteln. Anfragen, welche wir per E-Mail erhalten, beantworten wir \u00fcblicherweise auch per E-Mail. Sollten Sie dies nicht w\u00fcnschen, bitten wir Sie, dies im Rahmen der Anfrage anzumerken.<\/p>\n","protected":false},"excerpt":{"rendered":"<p>Verantwortlich f\u00fcr Website und Inhalt One24 GmbH Bahnhofstrasse 16 5034 Suhr +41 (0)62 842 24 64 info@a2bauex.ch Haftung f\u00fcr Inhalte Die Inhalte unserer Seiten wurden mit gr\u00f6\u00dfter Sorgfalt erstellt. F\u00fcr die Richtigkeit, Vollst\u00e4ndigkeit und Aktualit\u00e4t der Inhalte k\u00f6nnen wir jedoch [&hellip;]<\/p>\n","protected":false},"author":4,"featured_media":0,"parent":0,"menu_order":0,"comment_status":"closed","ping_status":"closed","template":"","meta":{"footnotes":""},"class_list":["post-9619","page","type-page","status-publish","hentry"],"_links":{"self":[{"href":"https:\/\/a2bauex.ch\/index.php?rest_route=\/wp\/v2\/pages\/9619","targetHints":{"allow":["GET"]}}],"collection":[{"href":"https:\/\/a2bauex.ch\/index.php?rest_route=\/wp\/v2\/pages"}],"about":[{"href":"https:\/\/a2bauex.ch\/index.php?rest_route=\/wp\/v2\/types\/page"}],"author":[{"embeddable":true,"href":"https:\/\/a2bauex.ch\/index.php?rest_route=\/wp\/v2\/users\/4"}],"replies":[{"embeddable":true,"href":"https:\/\/a2bauex.ch\/index.php?rest_route=%2Fwp%2Fv2%2Fcomments&post=9619"}],"version-history":[{"count":0,"href":"https:\/\/a2bauex.ch\/index.php?rest_route=\/wp\/v2\/pages\/9619\/revisions"}],"wp:attachment":[{"href":"https:\/\/a2bauex.ch\/index.php?rest_route=%2Fwp%2Fv2%2Fmedia&parent=9619"}],"curies":[{"name":"wp","href":"https:\/\/api.w.org\/{rel}","templated":true}]}}