{"id":9568,"date":"2022-04-01T07:20:25","date_gmt":"2022-04-01T07:20:25","guid":{"rendered":"https:\/\/bauleitung.one24.ch\/?page_id=9568"},"modified":"2022-04-27T14:23:35","modified_gmt":"2022-04-27T14:23:35","slug":"gipserarbeiten","status":"publish","type":"page","link":"https:\/\/a2bauex.ch\/?page_id=9568","title":{"rendered":"Gipserarbeiten"},"content":{"rendered":"\t\t<div data-elementor-type=\"wp-page\" data-elementor-id=\"9568\" class=\"elementor elementor-9568\">\n\t\t\t\t\t\t<section class=\"elementor-section elementor-top-section elementor-element elementor-element-8d9b810 elementor-section-boxed elementor-section-height-default elementor-section-height-default mkdf-parallax-row-no mkdf-content-aligment-left mkdf-elementor-row-grid-no mkdf-disabled-bg-image-bellow-no mkdf-row-btt-light\" data-id=\"8d9b810\" data-element_type=\"section\">\n\t\t\t\t\t\t<div class=\"elementor-container elementor-column-gap-default\">\n\t\t\t\t\t<div class=\"elementor-column elementor-col-50 elementor-top-column elementor-element elementor-element-05df433\" data-id=\"05df433\" data-element_type=\"column\">\n\t\t\t<div class=\"elementor-widget-wrap elementor-element-populated\">\n\t\t\t\t\t\t<section class=\"elementor-section elementor-inner-section elementor-element elementor-element-8c70cf0 elementor-section-full_width elementor-section-height-default elementor-section-height-default mkdf-parallax-row-no mkdf-content-aligment-left mkdf-elementor-row-grid-no mkdf-disabled-bg-image-bellow-no mkdf-row-btt-light\" data-id=\"8c70cf0\" data-element_type=\"section\">\n\t\t\t\t\t\t<div class=\"elementor-container elementor-column-gap-no\">\n\t\t\t\t\t<div class=\"elementor-column elementor-col-100 elementor-inner-column elementor-element elementor-element-46ce9a0\" data-id=\"46ce9a0\" data-element_type=\"column\">\n\t\t\t<div class=\"elementor-widget-wrap elementor-element-populated\">\n\t\t\t\t\t\t<div class=\"elementor-element elementor-element-7db1b0f elementor-widget elementor-widget-text-editor\" data-id=\"7db1b0f\" data-element_type=\"widget\" data-widget_type=\"text-editor.default\">\n\t\t\t\t<div class=\"elementor-widget-container\">\n\t\t\t\t\t\t\t\t\t<h2>Eine neue Wand- und Deckengestaltung f\u00fcr ein neues Ambiente!<\/h2><div class=\"content\"><p>F\u00fcr die Gestaltung von Wand- und Deckenfl\u00e4chen stehen unterschiedlichste Materialien und Verarbeitungstechniken zur Verf\u00fcgung. Wir informieren Sie \u00fcber den Einsatz der spezifischen Qualit\u00e4ten der einzelnen Materialien (Gips- Kalk-, Lehm-, Kunstharzputze etc.) genauso wie \u00fcber die verschiedenen (Raum-) Wirkungen der unterschiedlichen Oberfl\u00e4chen, die mit ihren verschiedenen Strukturen dem Raum das besondere Ambiente verschaffen. Gestaltete Wand-\/Deckenoberfl\u00e4chen und wir geh\u00f6ren untrennbar zusammen. Damit die volle Sch\u00f6nheit entfaltet werden kann, ist eine meisterhafte Verarbeitung zwingend notwendig.<\/p><ul><li>\u00a0Gipserarbeiten aller Art\u00a0<\/li><li>Trockenbauarbeiten\u00a0<\/li><li>Risssanierungen\u00a0<\/li><li>Weiss-, Glatt- und Strukturputze\u00a0<\/li><li>Dekorative Putze<\/li><\/ul><\/div>\t\t\t\t\t\t\t\t<\/div>\n\t\t\t\t<\/div>\n\t\t\t\t\t<\/div>\n\t\t<\/div>\n\t\t\t\t\t<\/div>\n\t\t<\/section>\n\t\t\t\t\t<\/div>\n\t\t<\/div>\n\t\t\t\t<div class=\"elementor-column elementor-col-50 elementor-top-column elementor-element elementor-element-c1bf0c9\" data-id=\"c1bf0c9\" data-element_type=\"column\">\n\t\t\t<div class=\"elementor-widget-wrap elementor-element-populated\">\n\t\t\t\t\t\t<div class=\"elementor-element elementor-element-37ca024 elementor-widget elementor-widget-media-carousel\" data-id=\"37ca024\" data-element_type=\"widget\" data-widget_type=\"media-carousel.default\">\n\t\t\t\t<div class=\"elementor-widget-container\">\n\t\t\t\t\t \t\t\t\t<\/div>\n\t\t\t\t<\/div>\n\t\t\t\t\t<\/div>\n\t\t<\/div>\n\t\t\t\t\t<\/div>\n\t\t<\/section>\n\t\t\t\t<\/div>\n\t\t","protected":false},"excerpt":{"rendered":"<p>Eine neue Wand- und Deckengestaltung f\u00fcr ein neues Ambiente! F\u00fcr die Gestaltung von Wand- und Deckenfl\u00e4chen stehen unterschiedlichste Materialien und Verarbeitungstechniken zur Verf\u00fcgung. Wir informieren Sie \u00fcber den Einsatz der spezifischen Qualit\u00e4ten der einzelnen Materialien (Gips- Kalk-, Lehm-, Kunstharzputze etc.) [&hellip;]<\/p>\n","protected":false},"author":4,"featured_media":0,"parent":0,"menu_order":0,"comment_status":"closed","ping_status":"closed","template":"","meta":{"footnotes":""},"class_list":["post-9568","page","type-page","status-publish","hentry"],"_links":{"self":[{"href":"https:\/\/a2bauex.ch\/index.php?rest_route=\/wp\/v2\/pages\/9568","targetHints":{"allow":["GET"]}}],"collection":[{"href":"https:\/\/a2bauex.ch\/index.php?rest_route=\/wp\/v2\/pages"}],"about":[{"href":"https:\/\/a2bauex.ch\/index.php?rest_route=\/wp\/v2\/types\/page"}],"author":[{"embeddable":true,"href":"https:\/\/a2bauex.ch\/index.php?rest_route=\/wp\/v2\/users\/4"}],"replies":[{"embeddable":true,"href":"https:\/\/a2bauex.ch\/index.php?rest_route=%2Fwp%2Fv2%2Fcomments&post=9568"}],"version-history":[{"count":0,"href":"https:\/\/a2bauex.ch\/index.php?rest_route=\/wp\/v2\/pages\/9568\/revisions"}],"wp:attachment":[{"href":"https:\/\/a2bauex.ch\/index.php?rest_route=%2Fwp%2Fv2%2Fmedia&parent=9568"}],"curies":[{"name":"wp","href":"https:\/\/api.w.org\/{rel}","templated":true}]}}