{"id":9550,"date":"2022-04-01T07:14:17","date_gmt":"2022-04-01T07:14:17","guid":{"rendered":"https:\/\/bauleitung.one24.ch\/?page_id=9550"},"modified":"2022-04-27T14:22:55","modified_gmt":"2022-04-27T14:22:55","slug":"bodenlegerarbeiten","status":"publish","type":"page","link":"https:\/\/a2bauex.ch\/?page_id=9550","title":{"rendered":"Bodenlegerarbeiten"},"content":{"rendered":"\t\t<div data-elementor-type=\"wp-page\" data-elementor-id=\"9550\" class=\"elementor elementor-9550\">\n\t\t\t\t\t\t<section class=\"elementor-section elementor-top-section elementor-element elementor-element-b58ce13 elementor-section-boxed elementor-section-height-default elementor-section-height-default mkdf-parallax-row-no mkdf-content-aligment-left mkdf-elementor-row-grid-no mkdf-disabled-bg-image-bellow-no mkdf-row-btt-light\" data-id=\"b58ce13\" data-element_type=\"section\">\n\t\t\t\t\t\t<div class=\"elementor-container elementor-column-gap-default\">\n\t\t\t\t\t<div class=\"elementor-column elementor-col-50 elementor-top-column elementor-element elementor-element-872505c\" data-id=\"872505c\" data-element_type=\"column\">\n\t\t\t<div class=\"elementor-widget-wrap elementor-element-populated\">\n\t\t\t\t\t\t<section class=\"elementor-section elementor-inner-section elementor-element elementor-element-521c561 elementor-section-full_width elementor-section-height-default elementor-section-height-default mkdf-parallax-row-no mkdf-content-aligment-left mkdf-elementor-row-grid-no mkdf-disabled-bg-image-bellow-no mkdf-row-btt-light\" data-id=\"521c561\" data-element_type=\"section\">\n\t\t\t\t\t\t<div class=\"elementor-container elementor-column-gap-no\">\n\t\t\t\t\t<div class=\"elementor-column elementor-col-100 elementor-inner-column elementor-element elementor-element-3705c9c\" data-id=\"3705c9c\" data-element_type=\"column\">\n\t\t\t<div class=\"elementor-widget-wrap elementor-element-populated\">\n\t\t\t\t\t\t<div class=\"elementor-element elementor-element-0380c67 elementor-widget elementor-widget-text-editor\" data-id=\"0380c67\" data-element_type=\"widget\" data-widget_type=\"text-editor.default\">\n\t\t\t\t<div class=\"elementor-widget-container\">\n\t\t\t\t\t\t\t\t\t<div class=\"lead\"><span style=\"color: #001659; font-size: 38px; font-weight: 600; letter-spacing: -0.02em;\">Sch\u00f6ne B\u00f6den f\u00fcr Ihr Wohlbefinden<\/span><\/div>\n<div class=\"content\">\n<p>Ein hochwertiger und gut gepflegter Fu\u00dfboden tr\u00e4gt ma\u00dfgeblich zum Werterhalt Ihrer Immobilie bei. Zus\u00e4tzlich f\u00e4llt er potentiellen Mietinteressenten und K\u00e4ufern positiv ins Auge. Gerne k\u00fcmmern wir von ONE24 GmbH&nbsp;uns im Rahmen der Renovierungsarbeiten um die Bestellung und Verlegung der folgenden Bodenbel\u00e4ge.<\/p>\n<ul>\n<li>Laminatverlegung<\/li>\n<li>Vinyl Verlegung<\/li>\n<li>PVC-Verlegung<\/li>\n<li>Teppichverlegung<\/li>\n<li>Beschichtungen mit Fl\u00fcssigkunstoff<\/li>\n<li>Gartenbel\u00e4ge<\/li>\n<li>Holzb\u00f6den<\/li>\n<li>Terassenplatten \/ Feinsteinzeug<\/li>\n<li>Vinyl, Designboden &amp; Co. &#8211; wir verlegen Ihre Wunsch-Fussboden<\/li>\n<\/ul>\n<\/div>\t\t\t\t\t\t\t\t<\/div>\n\t\t\t\t<\/div>\n\t\t\t\t\t<\/div>\n\t\t<\/div>\n\t\t\t\t\t<\/div>\n\t\t<\/section>\n\t\t\t\t\t<\/div>\n\t\t<\/div>\n\t\t\t\t<div class=\"elementor-column elementor-col-50 elementor-top-column elementor-element elementor-element-dd36b3d\" data-id=\"dd36b3d\" data-element_type=\"column\">\n\t\t\t<div class=\"elementor-widget-wrap elementor-element-populated\">\n\t\t\t\t\t\t<div class=\"elementor-element elementor-element-6cd3c30 elementor-widget elementor-widget-media-carousel\" data-id=\"6cd3c30\" data-element_type=\"widget\" data-widget_type=\"media-carousel.default\">\n\t\t\t\t<div class=\"elementor-widget-container\">\n\t\t\t\t\t \t\t\t\t<\/div>\n\t\t\t\t<\/div>\n\t\t\t\t\t<\/div>\n\t\t<\/div>\n\t\t\t\t\t<\/div>\n\t\t<\/section>\n\t\t\t\t<\/div>\n\t\t","protected":false},"excerpt":{"rendered":"<p>Sch\u00f6ne B\u00f6den f\u00fcr Ihr Wohlbefinden Ein hochwertiger und gut gepflegter Fu\u00dfboden tr\u00e4gt ma\u00dfgeblich zum Werterhalt Ihrer Immobilie bei. Zus\u00e4tzlich f\u00e4llt er potentiellen Mietinteressenten und K\u00e4ufern positiv ins Auge. Gerne k\u00fcmmern wir von ONE24 GmbH&nbsp;uns im Rahmen der Renovierungsarbeiten um die [&hellip;]<\/p>\n","protected":false},"author":4,"featured_media":0,"parent":0,"menu_order":0,"comment_status":"closed","ping_status":"closed","template":"","meta":{"footnotes":""},"class_list":["post-9550","page","type-page","status-publish","hentry"],"_links":{"self":[{"href":"https:\/\/a2bauex.ch\/index.php?rest_route=\/wp\/v2\/pages\/9550","targetHints":{"allow":["GET"]}}],"collection":[{"href":"https:\/\/a2bauex.ch\/index.php?rest_route=\/wp\/v2\/pages"}],"about":[{"href":"https:\/\/a2bauex.ch\/index.php?rest_route=\/wp\/v2\/types\/page"}],"author":[{"embeddable":true,"href":"https:\/\/a2bauex.ch\/index.php?rest_route=\/wp\/v2\/users\/4"}],"replies":[{"embeddable":true,"href":"https:\/\/a2bauex.ch\/index.php?rest_route=%2Fwp%2Fv2%2Fcomments&post=9550"}],"version-history":[{"count":0,"href":"https:\/\/a2bauex.ch\/index.php?rest_route=\/wp\/v2\/pages\/9550\/revisions"}],"wp:attachment":[{"href":"https:\/\/a2bauex.ch\/index.php?rest_route=%2Fwp%2Fv2%2Fmedia&parent=9550"}],"curies":[{"name":"wp","href":"https:\/\/api.w.org\/{rel}","templated":true}]}}