{"id":10281,"date":"2022-08-09T08:09:27","date_gmt":"2022-08-09T06:09:27","guid":{"rendered":"https:\/\/a2bauex.ch\/?page_id=10281"},"modified":"2022-08-09T16:44:31","modified_gmt":"2022-08-09T14:44:31","slug":"kernbohrungen","status":"publish","type":"page","link":"https:\/\/a2bauex.ch\/?page_id=10281","title":{"rendered":"Kernbohrungen"},"content":{"rendered":"\t\t<div data-elementor-type=\"wp-page\" data-elementor-id=\"10281\" class=\"elementor elementor-10281\">\n\t\t\t\t\t\t<section class=\"elementor-section elementor-top-section elementor-element elementor-element-8d9b810 elementor-section-boxed elementor-section-height-default elementor-section-height-default mkdf-parallax-row-no mkdf-content-aligment-left mkdf-elementor-row-grid-no mkdf-disabled-bg-image-bellow-no mkdf-row-btt-light\" data-id=\"8d9b810\" data-element_type=\"section\">\n\t\t\t\t\t\t<div class=\"elementor-container elementor-column-gap-default\">\n\t\t\t\t\t<div class=\"elementor-column elementor-col-50 elementor-top-column elementor-element elementor-element-05df433\" data-id=\"05df433\" data-element_type=\"column\">\n\t\t\t<div class=\"elementor-widget-wrap elementor-element-populated\">\n\t\t\t\t\t\t<section class=\"elementor-section elementor-inner-section elementor-element elementor-element-8c70cf0 elementor-section-full_width elementor-section-height-default elementor-section-height-default mkdf-parallax-row-no mkdf-content-aligment-left mkdf-elementor-row-grid-no mkdf-disabled-bg-image-bellow-no mkdf-row-btt-light\" data-id=\"8c70cf0\" data-element_type=\"section\">\n\t\t\t\t\t\t<div class=\"elementor-container elementor-column-gap-no\">\n\t\t\t\t\t<div class=\"elementor-column elementor-col-100 elementor-inner-column elementor-element elementor-element-46ce9a0\" data-id=\"46ce9a0\" data-element_type=\"column\">\n\t\t\t<div class=\"elementor-widget-wrap elementor-element-populated\">\n\t\t\t\t\t\t<div class=\"elementor-element elementor-element-7db1b0f elementor-widget elementor-widget-text-editor\" data-id=\"7db1b0f\" data-element_type=\"widget\" data-widget_type=\"text-editor.default\">\n\t\t\t\t<div class=\"elementor-widget-container\">\n\t\t\t\t\t\t\t\t\t<h2>Ihr Partner f\u00fcr alle Kernbohrarbeiten<\/h2><div class=\"content\"><p>Wir erstellen Trocken- oder Nass- Kernbohrungen mit einem Durchmesser von 20-1.000mm (Trockenbohrungen bis DN162). Wir verf\u00fcgen \u00fcber die Technik, sowohl schr\u00e4g- als auch \u00fcber Kopf bohren zu k\u00f6nnen. Die von uns eingesetzten Maschinen sind mit Hilfe von Diamantbohrkronen in der Lage, staub- und ersch\u00fctterungsfrei durch eine Vielzahl von Stein- und Betonarten zu bohren.\u00a0<\/p><p>Wir nehmen Kernbohrungen f\u00fcr beispielweise:<\/p><ul><li>Leitungen f\u00fcr Klimaanlagen<\/li><li>Dunstabzugshauben<\/li><li>Garagenl\u00fcftungen<\/li><li>Rohre f\u00fcr L\u00fcftungsanlage\u00a0<\/li><li>Elektroleitungen<\/li><li>Leerrohre<\/li><li>Leitungen aus dem Heizung &amp; Sanit\u00e4r-Bereich<\/li><li>Kaminrohre<\/li><li>Versorgungsleitungen<\/li><li>Kommunikationsleitungen<\/li><li>Mauerk\u00e4ste<\/li><\/ul><\/div>\t\t\t\t\t\t\t\t<\/div>\n\t\t\t\t<\/div>\n\t\t\t\t\t<\/div>\n\t\t<\/div>\n\t\t\t\t\t<\/div>\n\t\t<\/section>\n\t\t\t\t\t<\/div>\n\t\t<\/div>\n\t\t\t\t<div class=\"elementor-column elementor-col-50 elementor-top-column elementor-element elementor-element-c1bf0c9\" data-id=\"c1bf0c9\" data-element_type=\"column\">\n\t\t\t<div class=\"elementor-widget-wrap elementor-element-populated\">\n\t\t\t\t\t\t<div class=\"elementor-element elementor-element-37ca024 elementor-widget elementor-widget-media-carousel\" data-id=\"37ca024\" data-element_type=\"widget\" data-widget_type=\"media-carousel.default\">\n\t\t\t\t<div class=\"elementor-widget-container\">\n\t\t\t\t\t \t\t\t\t<\/div>\n\t\t\t\t<\/div>\n\t\t\t\t\t<\/div>\n\t\t<\/div>\n\t\t\t\t\t<\/div>\n\t\t<\/section>\n\t\t\t\t<\/div>\n\t\t","protected":false},"excerpt":{"rendered":"<p>Ihr Partner f\u00fcr alle Kernbohrarbeiten Wir erstellen Trocken- oder Nass- Kernbohrungen mit einem Durchmesser von 20-1.000mm (Trockenbohrungen bis DN162). Wir verf\u00fcgen \u00fcber die Technik, sowohl schr\u00e4g- als auch \u00fcber Kopf bohren zu k\u00f6nnen. Die von uns eingesetzten Maschinen sind mit [&hellip;]<\/p>\n","protected":false},"author":4,"featured_media":0,"parent":0,"menu_order":0,"comment_status":"closed","ping_status":"closed","template":"","meta":{"footnotes":""},"class_list":["post-10281","page","type-page","status-publish","hentry"],"_links":{"self":[{"href":"https:\/\/a2bauex.ch\/index.php?rest_route=\/wp\/v2\/pages\/10281","targetHints":{"allow":["GET"]}}],"collection":[{"href":"https:\/\/a2bauex.ch\/index.php?rest_route=\/wp\/v2\/pages"}],"about":[{"href":"https:\/\/a2bauex.ch\/index.php?rest_route=\/wp\/v2\/types\/page"}],"author":[{"embeddable":true,"href":"https:\/\/a2bauex.ch\/index.php?rest_route=\/wp\/v2\/users\/4"}],"replies":[{"embeddable":true,"href":"https:\/\/a2bauex.ch\/index.php?rest_route=%2Fwp%2Fv2%2Fcomments&post=10281"}],"version-history":[{"count":0,"href":"https:\/\/a2bauex.ch\/index.php?rest_route=\/wp\/v2\/pages\/10281\/revisions"}],"wp:attachment":[{"href":"https:\/\/a2bauex.ch\/index.php?rest_route=%2Fwp%2Fv2%2Fmedia&parent=10281"}],"curies":[{"name":"wp","href":"https:\/\/api.w.org\/{rel}","templated":true}]}}